{"id":6,"date":"2025-11-29T19:11:56","date_gmt":"2025-11-29T18:11:56","guid":{"rendered":"https:\/\/pixelliberty.hu\/?page_id=6"},"modified":"2025-12-16T11:59:36","modified_gmt":"2025-12-16T10:59:36","slug":"kezdooldal","status":"publish","type":"page","link":"https:\/\/pixelliberty.hu\/","title":{"rendered":"Kezd\u0151oldal"},"content":{"rendered":"\n<div class=\"wp-block-group hero\"><div class=\"wp-block-group__inner-container is-layout-constrained wp-block-group-is-layout-constrained\">\n<div class=\"wp-block-group nyito-szoveg\"><div class=\"wp-block-group__inner-container is-layout-constrained wp-block-group-is-layout-constrained\">\n<h1 class=\"wp-block-heading\">K\u00f6sz\u00f6ntelek a Pixelliberty vil\u00e1g\u00e1ban!<\/h1>\n\n\n\n<p>Letisztult weboldalak szolg\u00e1ltat\u00f3knak- amelyek nem csak sz\u00e9pek, \u00fcgyfeleket is hoznak. Modern \u00e9s \u00e1tgondolt megold\u00e1sok. Legyen sz\u00f3 log\u00f3- vagy arculattervez\u00e9sr\u0151l, webdesignr\u00f3l vagy egyedi weboldalak tervez\u00e9s\u00e9r\u0151l, itt a legjobb helyen vagy! A munk\u00e1m sor\u00e1n szem el\u0151tt tartom az aktu\u00e1lis trendeket, a mai modern eszk\u00f6z\u00f6ket haszn\u00e1lva, vizu\u00e1lisan vonz\u00f3 \u00e9s funkcion\u00e1lisan is profi anyagokat k\u00e9sz\u00edtek Neked.<\/p>\n\n\n\n<div style=\"height:50px\" aria-hidden=\"true\" class=\"wp-block-spacer\"><\/div>\n\n\n\n<div class=\"wp-block-buttons is-layout-flex wp-block-buttons-is-layout-flex\">\n<div class=\"wp-block-button\"><a class=\"wp-block-button__link wp-element-button\" href=\"https:\/\/pixelliberty.hu\/?page_id=53\">kapcsolatfelv\u00e9tel<\/a><\/div>\n<\/div>\n<\/div><\/div>\n<\/div><\/div>\n\n\n\n<div class=\"wp-block-group services\"><div class=\"wp-block-group__inner-container is-layout-constrained wp-block-group-is-layout-constrained\">\n<h1 class=\"wp-block-heading has-text-align-center has-white-color has-text-color has-link-color wp-elements-b720484e41a6b49a91a65c020ab96fd8\">Miben tudok seg\u00edteni?<\/h1>\n\n\n\n<div class=\"wp-block-columns is-layout-flex wp-container-core-columns-is-layout-9d6595d7 wp-block-columns-is-layout-flex\">\n<div class=\"wp-block-column packet is-layout-flow wp-block-column-is-layout-flow\">\n<figure class=\"wp-block-image size-large\"><img loading=\"lazy\" decoding=\"async\" width=\"1024\" height=\"683\" src=\"https:\/\/pixelliberty.hu\/wp-content\/uploads\/logo-es-arculattervezes-1-1024x683.png\" alt=\"\u00edgy k\u00e9sz\u00fcl a te log\u00f3d is\" class=\"wp-image-229\" srcset=\"https:\/\/pixelliberty.hu\/wp-content\/uploads\/logo-es-arculattervezes-1-1024x683.png 1024w, https:\/\/pixelliberty.hu\/wp-content\/uploads\/logo-es-arculattervezes-1-300x200.png 300w, https:\/\/pixelliberty.hu\/wp-content\/uploads\/logo-es-arculattervezes-1-768x512.png 768w, https:\/\/pixelliberty.hu\/wp-content\/uploads\/logo-es-arculattervezes-1.png 1201w\" sizes=\"auto, (max-width: 1024px) 100vw, 1024px\" \/><\/figure>\n\n\n\n<h2 class=\"wp-block-heading\">Log\u00f3- \u00e9s arculattervez\u00e9s<\/h2>\n\n\n\n<p>Kis- \u00e9s nagyarculat tervez\u00e9s, az egyszer\u0171 log\u00f3t\u00f3l a professzion\u00e1lis brand\u00e9p\u00edt\u00e9sig. Log\u00f3, sz\u00ednpaletta, bet\u0171t\u00edpus aj\u00e1nl\u00e1s, alapvet\u0151 arculati szab\u00e1lyok, ikon csal\u00e1d, n\u00e9vjegyk\u00e1rtya, social media sablonok.<\/p>\n\n\n\n<div style=\"height:50px\" aria-hidden=\"true\" class=\"wp-block-spacer\"><\/div>\n\n\n\n<div class=\"wp-block-buttons is-layout-flex wp-block-buttons-is-layout-flex\">\n<div class=\"wp-block-button\"><a class=\"wp-block-button__link wp-element-button\" href=\"https:\/\/pixelliberty.hu\/?page_id=163\">r\u00e9szletek<\/a><\/div>\n<\/div>\n\n\n\n<div style=\"height:50px\" aria-hidden=\"true\" class=\"wp-block-spacer\"><\/div>\n<\/div>\n\n\n\n<div class=\"wp-block-column packet is-layout-flow wp-block-column-is-layout-flow\">\n<figure class=\"wp-block-image size-large\"><img loading=\"lazy\" decoding=\"async\" width=\"1024\" height=\"683\" src=\"https:\/\/pixelliberty.hu\/wp-content\/uploads\/webdesing-arculat-kialakitas-1024x683.png\" alt=\"webdesing, arculat kialak\u00edt\u00e1s\" class=\"wp-image-234\" srcset=\"https:\/\/pixelliberty.hu\/wp-content\/uploads\/webdesing-arculat-kialakitas-1024x683.png 1024w, https:\/\/pixelliberty.hu\/wp-content\/uploads\/webdesing-arculat-kialakitas-300x200.png 300w, https:\/\/pixelliberty.hu\/wp-content\/uploads\/webdesing-arculat-kialakitas-768x512.png 768w, https:\/\/pixelliberty.hu\/wp-content\/uploads\/webdesing-arculat-kialakitas.png 1201w\" sizes=\"auto, (max-width: 1024px) 100vw, 1024px\" \/><\/figure>\n\n\n\n<h2 class=\"wp-block-heading\">Webdesign, arculat kialak\u00edt\u00e1s<\/h2>\n\n\n\n<p>Egy vagy t\u00f6bb oldalas design k\u00e9sz\u00edt\u00e9s kis- \u00e9s nagy csomagok. Egyedi UI\/UX design, wireframe, sz\u00ednpaletta, bet\u0171t\u00edpusok integr\u00e1l\u00e1sa, reszponz\u00edv n\u00e9zetek, \u00e1tgondolt layout rendszerek.<br><\/p>\n\n\n\n<div style=\"height:50px\" aria-hidden=\"true\" class=\"wp-block-spacer\"><\/div>\n\n\n\n<div class=\"wp-block-buttons is-layout-flex wp-block-buttons-is-layout-flex\">\n<div class=\"wp-block-button\"><a class=\"wp-block-button__link wp-element-button\" href=\"https:\/\/pixelliberty.hu\/?page_id=185\">r\u00e9szletek<\/a><\/div>\n<\/div>\n\n\n\n<div style=\"height:50px\" aria-hidden=\"true\" class=\"wp-block-spacer\"><\/div>\n<\/div>\n\n\n\n<div class=\"wp-block-column packet is-layout-flow wp-block-column-is-layout-flow\">\n<figure class=\"wp-block-image size-large\"><img loading=\"lazy\" decoding=\"async\" width=\"1024\" height=\"683\" src=\"https:\/\/pixelliberty.hu\/wp-content\/uploads\/egyedi-weboldal-keszites-1024x683.png\" alt=\"egyedi weboldalak k\u00e9sz\u00edt\u00e9se\" class=\"wp-image-227\" srcset=\"https:\/\/pixelliberty.hu\/wp-content\/uploads\/egyedi-weboldal-keszites-1024x683.png 1024w, https:\/\/pixelliberty.hu\/wp-content\/uploads\/egyedi-weboldal-keszites-300x200.png 300w, https:\/\/pixelliberty.hu\/wp-content\/uploads\/egyedi-weboldal-keszites-768x512.png 768w, https:\/\/pixelliberty.hu\/wp-content\/uploads\/egyedi-weboldal-keszites.png 1201w\" sizes=\"auto, (max-width: 1024px) 100vw, 1024px\" \/><\/figure>\n\n\n\n<h2 class=\"wp-block-heading\">Egyedi weboldalak k\u00e9sz\u00edt\u00e9se<\/h2>\n\n\n\n<p>One page \u00e9s landing oldalak, egyedi k\u00f3dol\u00e1ssal vagy WordPress keretrendszerben <\/p>\n\n\n\n<div style=\"height:50px\" aria-hidden=\"true\" class=\"wp-block-spacer\"><\/div>\n\n\n\n<div class=\"wp-block-buttons is-layout-flex wp-block-buttons-is-layout-flex\">\n<div class=\"wp-block-button\"><a class=\"wp-block-button__link wp-element-button\" href=\"https:\/\/pixelliberty.hu\/?page_id=186\">r\u00e9szletek<\/a><\/div>\n<\/div>\n\n\n\n<div style=\"height:50px\" aria-hidden=\"true\" class=\"wp-block-spacer\"><\/div>\n<\/div>\n<\/div>\n<\/div><\/div>\n\n\n\n<div style=\"height:100px\" aria-hidden=\"true\" class=\"wp-block-spacer\"><\/div>\n\n\n\n<div class=\"wp-block-group\"><div class=\"wp-block-group__inner-container is-layout-constrained wp-block-group-is-layout-constrained\">\n<h1 class=\"wp-block-heading has-text-align-center\">R\u00f3lam<\/h1>\n\n\n\n<div class=\"wp-block-columns is-layout-flex wp-container-core-columns-is-layout-9d6595d7 wp-block-columns-is-layout-flex\">\n<div class=\"wp-block-column is-layout-flow wp-block-column-is-layout-flow\">\n<figure class=\"wp-block-image size-large is-resized\"><img loading=\"lazy\" decoding=\"async\" width=\"683\" height=\"1024\" src=\"https:\/\/pixelliberty.hu\/wp-content\/uploads\/DSC01697-1-683x1024.jpg\" alt=\"\" class=\"wp-image-85\" style=\"width:350px;height:auto\" srcset=\"https:\/\/pixelliberty.hu\/wp-content\/uploads\/DSC01697-1-683x1024.jpg 683w, https:\/\/pixelliberty.hu\/wp-content\/uploads\/DSC01697-1-200x300.jpg 200w, https:\/\/pixelliberty.hu\/wp-content\/uploads\/DSC01697-1-768x1152.jpg 768w, https:\/\/pixelliberty.hu\/wp-content\/uploads\/DSC01697-1-1024x1536.jpg 1024w, https:\/\/pixelliberty.hu\/wp-content\/uploads\/DSC01697-1-1365x2048.jpg 1365w, https:\/\/pixelliberty.hu\/wp-content\/uploads\/DSC01697-1-scaled.jpg 1707w\" sizes=\"auto, (max-width: 683px) 100vw, 683px\" \/><\/figure>\n<\/div>\n\n\n\n<div class=\"wp-block-column is-layout-flow wp-block-column-is-layout-flow\" style=\"flex-basis:70%\">\n<p>Hiszek abban, hogy a j\u00f3 weboldal nem d\u00edsz, hanem \u00e9lm\u00e9ny. A Pixelliberty-ben UX\/UI alapokra \u00e9p\u00edtem a digit\u00e1lis szabads\u00e1got.<br>A webdesign sz\u00e1momra nem csak munka, hanem egy \u00fajfajta szabads\u00e1g is. Nagyon hamar beszippantott a vizu\u00e1lis vil\u00e1g, ahol a kreativit\u00e1s \u00e9s a technika k\u00e9z a k\u00e9zben j\u00e1r. A Pixelliberty az a hely, ahol mindezt meg\u00e9lhetem: letisztult, modern weboldalakat \u00e9s karakteres log\u00f3kat tervezek, amelyek val\u00f3ban illenek a m\u00e1rk\u00e1khoz. Szeretem, hogy minden projekt egy \u00faj t\u00f6rt\u00e9net, ahol a design seg\u00edts\u00e9g\u00e9vel lehet igaz\u00e1n kibontani a l\u00e9nyeget, a tervez\u00e9st\u0151l a megval\u00f3s\u00edt\u00e1sig.<\/p>\n<\/div>\n<\/div>\n\n\n\n<div style=\"height:100px\" aria-hidden=\"true\" class=\"wp-block-spacer\"><\/div>\n<\/div><\/div>\n\n\n\n<div class=\"wp-block-group blog-bg\"><div class=\"wp-block-group__inner-container is-layout-constrained wp-block-group-is-layout-constrained\">\n<h1 class=\"wp-block-heading has-text-align-center has-white-color has-text-color has-link-color wp-elements-fabf186725b61275195535b02c5e341f\">Leg\u00fajabb bejegyz\u00e9sek<\/h1>\n\n\n\n<div class=\"wp-block-query is-layout-flow wp-block-query-is-layout-flow\"><ul class=\"columns-3 wp-block-post-template is-layout-grid wp-container-core-post-template-is-layout-2f3213d7 wp-block-post-template-is-layout-grid\"><li class=\"wp-block-post post-377 post type-post status-publish format-standard has-post-thumbnail hentry category-blog category-egyeb category-webdesign tag-logo tag-webdesign\">\n<figure class=\"wp-block-post-featured-image\"><a href=\"https:\/\/pixelliberty.hu\/?p=377\" target=\"_self\"  ><img loading=\"lazy\" decoding=\"async\" width=\"1201\" height=\"801\" src=\"https:\/\/pixelliberty.hu\/wp-content\/uploads\/pantone-color-of-the-year-2026.png\" class=\"attachment-post-thumbnail size-post-thumbnail wp-post-image\" alt=\"Cloud Dancer- Felh\u0151t\u00e1ncos, avagy hogyan lesz az uncsi feh\u00e9rb\u0151l Pantone Color of the Year 2026-ban?\" style=\"object-fit:cover;\" srcset=\"https:\/\/pixelliberty.hu\/wp-content\/uploads\/pantone-color-of-the-year-2026.png 1201w, https:\/\/pixelliberty.hu\/wp-content\/uploads\/pantone-color-of-the-year-2026-300x200.png 300w, https:\/\/pixelliberty.hu\/wp-content\/uploads\/pantone-color-of-the-year-2026-1024x683.png 1024w, https:\/\/pixelliberty.hu\/wp-content\/uploads\/pantone-color-of-the-year-2026-768x512.png 768w\" sizes=\"auto, (max-width: 1201px) 100vw, 1201px\" \/><\/a><\/figure>\n\n<h2 class=\"wp-block-post-title\"><a href=\"https:\/\/pixelliberty.hu\/?p=377\" target=\"_self\" >Cloud Dancer- Felh\u0151t\u00e1ncos, avagy hogyan lesz az uncsi feh\u00e9rb\u0151l Pantone Color of the Year 2026-ban?<\/a><\/h2>\n\n<div class=\"wp-block-post-excerpt\"><p class=\"wp-block-post-excerpt__excerpt\">N\u00e9h\u00e1ny \u00e9ve elk\u00e9pzelhetetlen lett volna a feh\u00e9r, mint\u00a0 Pantone \u00e9v sz\u00edne, bizonyos szempontb\u00f3l mer\u00e9sz, de ugyanakkor v\u00e1rhat\u00f3 d\u00f6nt\u00e9s volt ez, &#8230;<\/p><p class=\"wp-block-post-excerpt__more-text\"><a class=\"wp-block-post-excerpt__more-link\" href=\"https:\/\/pixelliberty.hu\/?p=377\">tov\u00e1bb olvasok<\/a><\/p><\/div>\n\n\n<div style=\"height:50px\" aria-hidden=\"true\" class=\"wp-block-spacer\"><\/div>\n\n<\/li><li class=\"wp-block-post post-37 post type-post status-publish format-standard has-post-thumbnail hentry category-blog category-egyeb category-webdesign tag-logo tag-webdesign\">\n<figure class=\"wp-block-post-featured-image\"><a href=\"https:\/\/pixelliberty.hu\/?p=37\" target=\"_self\"  ><img loading=\"lazy\" decoding=\"async\" width=\"1201\" height=\"801\" src=\"https:\/\/pixelliberty.hu\/wp-content\/uploads\/miert-kerul-ennyibe-egy-logo.png\" class=\"attachment-post-thumbnail size-post-thumbnail wp-post-image\" alt=\"Mi ker\u00fcl ennyibe egy log\u00f3n?\" style=\"object-fit:cover;\" srcset=\"https:\/\/pixelliberty.hu\/wp-content\/uploads\/miert-kerul-ennyibe-egy-logo.png 1201w, https:\/\/pixelliberty.hu\/wp-content\/uploads\/miert-kerul-ennyibe-egy-logo-300x200.png 300w, https:\/\/pixelliberty.hu\/wp-content\/uploads\/miert-kerul-ennyibe-egy-logo-1024x683.png 1024w, https:\/\/pixelliberty.hu\/wp-content\/uploads\/miert-kerul-ennyibe-egy-logo-768x512.png 768w\" sizes=\"auto, (max-width: 1201px) 100vw, 1201px\" \/><\/a><\/figure>\n\n<h2 class=\"wp-block-post-title\"><a href=\"https:\/\/pixelliberty.hu\/?p=37\" target=\"_self\" >Mi ker\u00fcl ennyibe egy log\u00f3n?<\/a><\/h2>\n\n<div class=\"wp-block-post-excerpt\"><p class=\"wp-block-post-excerpt__excerpt\">A szomsz\u00e9d Manyi n\u00e9ni \u00f6sszerakott Paintben egy log\u00f3t mag\u00e1nak. J\u00f3, h\u00e1t kicsit hom\u00e1lyos, meg pixeles, de j\u00f3 az is, nem? &#8230;<\/p><p class=\"wp-block-post-excerpt__more-text\"><a class=\"wp-block-post-excerpt__more-link\" href=\"https:\/\/pixelliberty.hu\/?p=37\">tov\u00e1bb olvasok<\/a><\/p><\/div>\n\n\n<div style=\"height:50px\" aria-hidden=\"true\" class=\"wp-block-spacer\"><\/div>\n\n<\/li><li class=\"wp-block-post post-42 post type-post status-publish format-standard has-post-thumbnail hentry category-blog category-egyeb category-webdesign tag-szinek tag-webdesign\">\n<figure class=\"wp-block-post-featured-image\"><a href=\"https:\/\/pixelliberty.hu\/?p=42\" target=\"_self\"  ><img loading=\"lazy\" decoding=\"async\" width=\"1201\" height=\"801\" src=\"https:\/\/pixelliberty.hu\/wp-content\/uploads\/my-favourite-designs-2025.png\" class=\"attachment-post-thumbnail size-post-thumbnail wp-post-image\" alt=\"Az 5 kedvenc webdesign trendem 2025-ben\" style=\"object-fit:cover;\" srcset=\"https:\/\/pixelliberty.hu\/wp-content\/uploads\/my-favourite-designs-2025.png 1201w, https:\/\/pixelliberty.hu\/wp-content\/uploads\/my-favourite-designs-2025-300x200.png 300w, https:\/\/pixelliberty.hu\/wp-content\/uploads\/my-favourite-designs-2025-1024x683.png 1024w, https:\/\/pixelliberty.hu\/wp-content\/uploads\/my-favourite-designs-2025-768x512.png 768w\" sizes=\"auto, (max-width: 1201px) 100vw, 1201px\" \/><\/a><\/figure>\n\n<h2 class=\"wp-block-post-title\"><a href=\"https:\/\/pixelliberty.hu\/?p=42\" target=\"_self\" >Az 5 kedvenc webdesign trendem 2025-ben<\/a><\/h2>\n\n<div class=\"wp-block-post-excerpt\"><p class=\"wp-block-post-excerpt__excerpt\">N\u00e9zz\u00fck meg az 5 kedvenc webdesign trendemet 2025-ben. A v\u00e1laszt\u00e1s most sem volt k\u00f6nny\u0171, Digit\u00e1lis k\u00e9nyelem. J\u00f3, de mi ez, &#8230;<\/p><p class=\"wp-block-post-excerpt__more-text\"><a class=\"wp-block-post-excerpt__more-link\" href=\"https:\/\/pixelliberty.hu\/?p=42\">tov\u00e1bb olvasok<\/a><\/p><\/div>\n\n\n<div style=\"height:50px\" aria-hidden=\"true\" class=\"wp-block-spacer\"><\/div>\n\n<\/li><\/ul><\/div>\n\n\n\n<div style=\"height:50px\" aria-hidden=\"true\" class=\"wp-block-spacer\"><\/div>\n\n\n\n<div class=\"wp-block-group feliratkozas\"><div class=\"wp-block-group__inner-container is-layout-constrained wp-block-group-is-layout-constrained\">\n<div style=\"height:50px\" aria-hidden=\"true\" class=\"wp-block-spacer\"><\/div>\n\n\n\n<h2 class=\"wp-block-heading\">Maradj Velem a design flowban!<\/h2>\n\n\n\n<p style=\"font-size:1rem\">Pixelliberty inspir\u00e1ci\u00f3k egyenesen a postal\u00e1d\u00e1dba.<\/p>\n\n\n\n<div class=\"wp-block-columns is-layout-flex wp-container-core-columns-is-layout-9d6595d7 wp-block-columns-is-layout-flex\">\n<div class=\"wp-block-column is-layout-flow wp-block-column-is-layout-flow\"><script>(function() {\n\twindow.mc4wp = window.mc4wp || {\n\t\tlisteners: [],\n\t\tforms: {\n\t\t\ton: function(evt, cb) {\n\t\t\t\twindow.mc4wp.listeners.push(\n\t\t\t\t\t{\n\t\t\t\t\t\tevent   : evt,\n\t\t\t\t\t\tcallback: cb\n\t\t\t\t\t}\n\t\t\t\t);\n\t\t\t}\n\t\t}\n\t}\n})();\n<\/script><!-- Mailchimp for WordPress v4.12.2 - https:\/\/wordpress.org\/plugins\/mailchimp-for-wp\/ --><form id=\"mc4wp-form-1\" class=\"mc4wp-form mc4wp-form-38\" method=\"post\" data-id=\"38\" data-name=\"Feliratkoz\u00e1s\" ><div class=\"mc4wp-form-fields\"><p>\t\r\n\t\t<input type=\"email\" id=\"email\" name=\"EMAIL\" placeholder=\"E-mail c\u00edm*\" required>\r\n<\/p>\r\n<p>\t\r\n\t\t<input type=\"text\" id=\"name\" name=\"FNAME\" placeholder=\"N\u00e9v*\" required>\r\n<\/p>\r\n<p>* k\u00f6telez\u0151en kit\u00f6ltend\u0151<\/p>\r\n\r\n<div style=\"display:flex; align-items:center; gap:0.5rem;\">\r\n  <input type=\"checkbox\" id=\"gdpr-consent\" name=\"gdpr-consent\" value=\"1\" required>\r\n  \r\n  <label for=\"gdpr-consent\" style=\"margin:0;\">\r\n    Elolvastam \u00e9s elfogadom az <a href=\"https:\/\/pixelliberty.hu\/adatkezelesi-tajekoztato\" target=\"_blank\"> Adatkezel\u00e9si T\u00e1j\u00e9koztat\u00f3t<\/a>\r\n  <\/label>\r\n<\/div>\r\n\r\n<p>\r\n\t<input type=\"submit\" value=\"Feliratkoz\u00e1s\">\r\n<\/p>\r\n\r\n\r\n  <\/div><label style=\"display: none !important;\">Ha \u00d6n ember, hagyja \u00fcresen ezt a mez\u0151t: <input type=\"text\" name=\"_mc4wp_honeypot\" value=\"\" tabindex=\"-1\" autocomplete=\"off\" \/><\/label><input type=\"hidden\" name=\"_mc4wp_timestamp\" value=\"1777605759\" \/><input type=\"hidden\" name=\"_mc4wp_form_id\" value=\"38\" \/><input type=\"hidden\" name=\"_mc4wp_form_element_id\" value=\"mc4wp-form-1\" \/><div class=\"mc4wp-response\"><\/div><\/form><!-- \/ Mailchimp for WordPress Plugin -->\n<\/div>\n<\/div>\n\n\n\n<div style=\"height:50px\" aria-hidden=\"true\" class=\"wp-block-spacer\"><\/div>\n<\/div><\/div>\n\n\n\n<div style=\"height:50px\" aria-hidden=\"true\" class=\"wp-block-spacer\"><\/div>\n<\/div><\/div>\n\n\n\n<div class=\"wp-block-group contact\"><div class=\"wp-block-group__inner-container is-layout-constrained wp-block-group-is-layout-constrained\">\n<div style=\"height:50px\" aria-hidden=\"true\" class=\"wp-block-spacer\"><\/div>\n\n\n\n<h1 class=\"wp-block-heading has-text-align-center\">K\u00e9rd\u00e9sed van? \u00cdrj Nekem!<\/h1>\n\n\n\n<div class=\"wp-block-group\"><div class=\"wp-block-group__inner-container is-layout-constrained wp-block-group-is-layout-constrained\">\n<div class=\"wp-block-columns is-layout-flex wp-container-core-columns-is-layout-9d6595d7 wp-block-columns-is-layout-flex\">\n<div class=\"wp-block-column is-layout-flow wp-block-column-is-layout-flow\">\n<div class=\"wp-block-contact-form-7-contact-form-selector\">\n<div class=\"wpcf7 no-js\" id=\"wpcf7-f27-o1\" lang=\"hu-HU\" dir=\"ltr\" data-wpcf7-id=\"27\">\n<div class=\"screen-reader-response\"><p role=\"status\" aria-live=\"polite\" aria-atomic=\"true\"><\/p> <ul><\/ul><\/div>\n<form action=\"\/index.php?rest_route=%2Fwp%2Fv2%2Fpages%2F6#wpcf7-f27-o1\" method=\"post\" class=\"wpcf7-form init\" aria-label=\"Kapcsolatfelv\u00e9teli \u0171rlap\" novalidate=\"novalidate\" data-status=\"init\">\n<fieldset class=\"hidden-fields-container\"><input type=\"hidden\" name=\"_wpcf7\" value=\"27\" \/><input type=\"hidden\" name=\"_wpcf7_version\" value=\"6.1.5\" \/><input type=\"hidden\" name=\"_wpcf7_locale\" value=\"hu_HU\" \/><input type=\"hidden\" name=\"_wpcf7_unit_tag\" value=\"wpcf7-f27-o1\" \/><input type=\"hidden\" name=\"_wpcf7_container_post\" value=\"0\" \/><input type=\"hidden\" name=\"_wpcf7_posted_data_hash\" value=\"\" \/>\n<\/fieldset>\n<p><span class=\"wpcf7-form-control-wrap\" data-name=\"your-name\"><input size=\"40\" maxlength=\"400\" class=\"wpcf7-form-control wpcf7-text wpcf7-validates-as-required\" aria-required=\"true\" aria-invalid=\"false\" placeholder=\"N\u00e9v*\" value=\"\" type=\"text\" name=\"your-name\" \/><\/span>\n<\/p>\n<p><span class=\"wpcf7-form-control-wrap\" data-name=\"your-email\"><input size=\"40\" maxlength=\"400\" class=\"wpcf7-form-control wpcf7-email wpcf7-validates-as-required wpcf7-text wpcf7-validates-as-email\" aria-required=\"true\" aria-invalid=\"false\" placeholder=\"E-mail c\u00edm*\" value=\"\" type=\"email\" name=\"your-email\" \/><\/span>\n<\/p>\n<p><span class=\"wpcf7-form-control-wrap\" data-name=\"your-subject\"><input size=\"40\" maxlength=\"400\" class=\"wpcf7-form-control wpcf7-text wpcf7-validates-as-required\" aria-required=\"true\" aria-invalid=\"false\" placeholder=\"T\u00e1rgy\" value=\"\" type=\"text\" name=\"your-subject\" \/><\/span>\n<\/p>\n<p><span class=\"wpcf7-form-control-wrap\" data-name=\"your-message\"><textarea cols=\"40\" rows=\"10\" maxlength=\"2000\" class=\"wpcf7-form-control wpcf7-textarea\" aria-invalid=\"false\" placeholder=\"\u00dczenet*\" name=\"your-message\"><\/textarea><\/span>\n<\/p>\n<p style=\"font-size:1.2rem\">*k\u00f6telez\u0151en kit\u00f6ltend\u0151\n<\/p>\n<div  style=\"display:flex; align-items:center; gap:0.5rem;\">\n\t<p><input type=\"checkbox\" id=\"gdpr-consent2\" name=\"gdpr-consent\" value=\"1\" required \/><label for=\"gdpr-consent2\" style=\"margin:0.5rem; font-size:1rem\">Elolvastam \u00e9s elfogadom az <a href=\"https:\/\/pixelliberty.hu\/?page_id=3\" target=\"_blank\"> Adatkezel\u00e9si T\u00e1j\u00e9koztat\u00f3t<\/a><\/label>\n\t<\/p>\n<\/div>\n<p><input class=\"wpcf7-form-control wpcf7-submit has-spinner\" type=\"submit\" value=\"K\u00fcld\u00e9s\" \/>\n<\/p><p style=\"display: none !important;\" class=\"akismet-fields-container\" data-prefix=\"_wpcf7_ak_\"><label>&#916;<textarea name=\"_wpcf7_ak_hp_textarea\" cols=\"45\" rows=\"8\" maxlength=\"100\"><\/textarea><\/label><input type=\"hidden\" id=\"ak_js_1\" name=\"_wpcf7_ak_js\" value=\"10\"\/><script type=\"text\/javascript\">\n\/* <![CDATA[ *\/\ndocument.getElementById( \"ak_js_1\" ).setAttribute( \"value\", ( new Date() ).getTime() );\n\/* ]]> *\/\n<\/script>\n<\/p><div class=\"wpcf7-response-output\" aria-hidden=\"true\"><\/div>\n<\/form>\n<\/div>\n<\/div>\n<\/div>\n\n\n\n<div class=\"wp-block-column is-layout-flow wp-block-column-is-layout-flow\">\n<figure class=\"wp-block-image size-full\"><img decoding=\"async\" src=\"https:\/\/pixelliberty.hu\/wp-content\/uploads\/2025\/11\/writing-2-optim.png\" alt=\"f\u00fczet, toll\" class=\"wp-image-18\"\/><\/figure>\n<\/div>\n<\/div>\n<\/div><\/div>\n\n\n\n<div style=\"height:50px\" aria-hidden=\"true\" class=\"wp-block-spacer\"><\/div>\n<\/div><\/div>\n","protected":false},"excerpt":{"rendered":"<p>K\u00f6sz\u00f6ntelek a Pixelliberty vil\u00e1g\u00e1ban! Letisztult weboldalak szolg\u00e1ltat\u00f3knak- amelyek nem csak sz\u00e9pek, \u00fcgyfeleket is hoznak. Modern \u00e9s \u00e1tgondolt megold\u00e1sok. Legyen sz\u00f3 &#8230;<\/p>\n","protected":false},"author":1,"featured_media":0,"parent":0,"menu_order":0,"comment_status":"closed","ping_status":"closed","template":"","meta":{"footnotes":""},"class_list":["post-6","page","type-page","status-publish","hentry"],"_links":{"self":[{"href":"https:\/\/pixelliberty.hu\/index.php?rest_route=\/wp\/v2\/pages\/6","targetHints":{"allow":["GET"]}}],"collection":[{"href":"https:\/\/pixelliberty.hu\/index.php?rest_route=\/wp\/v2\/pages"}],"about":[{"href":"https:\/\/pixelliberty.hu\/index.php?rest_route=\/wp\/v2\/types\/page"}],"author":[{"embeddable":true,"href":"https:\/\/pixelliberty.hu\/index.php?rest_route=\/wp\/v2\/users\/1"}],"replies":[{"embeddable":true,"href":"https:\/\/pixelliberty.hu\/index.php?rest_route=%2Fwp%2Fv2%2Fcomments&post=6"}],"version-history":[{"count":131,"href":"https:\/\/pixelliberty.hu\/index.php?rest_route=\/wp\/v2\/pages\/6\/revisions"}],"predecessor-version":[{"id":375,"href":"https:\/\/pixelliberty.hu\/index.php?rest_route=\/wp\/v2\/pages\/6\/revisions\/375"}],"wp:attachment":[{"href":"https:\/\/pixelliberty.hu\/index.php?rest_route=%2Fwp%2Fv2%2Fmedia&parent=6"}],"curies":[{"name":"wp","href":"https:\/\/api.w.org\/{rel}","templated":true}]}}