{"id":31,"date":"2025-12-01T09:59:11","date_gmt":"2025-12-01T08:59:11","guid":{"rendered":"https:\/\/pixelliberty.hu\/?page_id=31"},"modified":"2025-12-15T13:36:02","modified_gmt":"2025-12-15T12:36:02","slug":"impresszum","status":"publish","type":"page","link":"https:\/\/pixelliberty.hu\/?page_id=31","title":{"rendered":"Impresszum"},"content":{"rendered":"\n<h1 class=\"wp-block-heading\">Tulajdonos \u00e9s t\u00e1rhelyszolg\u00e1ltat\u00f3<\/h1>\n\n\n\n<div class=\"wp-block-group impresszum\"><div class=\"wp-block-group__inner-container is-layout-constrained wp-block-group-is-layout-constrained\">\n<div style=\"height:50px\" aria-hidden=\"true\" class=\"wp-block-spacer\"><\/div>\n\n\n\n<ul class=\"wp-block-list\">\n<li>N\u00e9v: Flow-Wolf Kft.<\/li>\n\n\n\n<li>Sz\u00e9khely: 1031 Budapest, V\u00edzimoln\u00e1r utca 24. 3. em. 8.<\/li>\n\n\n\n<li>Ad\u00f3sz\u00e1m: 14805080-2-41<\/li>\n\n\n\n<li>C\u00e9gjegyz\u00e9ksz\u00e1m: 01-09-920694<\/li>\n\n\n\n<li>Nyilv\u00e1ntart\u00e1sba vev\u0151 hat\u00f3s\u00e1g: F\u0151v\u00e1rosi C\u00e9gb\u00edros\u00e1g<\/li>\n\n\n\n<li>E-mail: info@flowwolf.hu<\/li>\n<\/ul>\n\n\n\n<div style=\"height:50px\" aria-hidden=\"true\" class=\"wp-block-spacer\"><\/div>\n<\/div><\/div>\n\n\n\n<div style=\"height:50px\" aria-hidden=\"true\" class=\"wp-block-spacer\"><\/div>\n\n\n\n<div class=\"wp-block-buttons is-content-justification-center is-layout-flex wp-container-core-buttons-is-layout-16018d1d wp-block-buttons-is-layout-flex\">\n<div class=\"wp-block-button\"><a class=\"wp-block-button__link wp-element-button\" href=\"https:\/\/pixelliberty.hu\/\">vissza<\/a><\/div>\n<\/div>\n\n\n\n<div style=\"height:50px\" aria-hidden=\"true\" class=\"wp-block-spacer\"><\/div>\n","protected":false},"excerpt":{"rendered":"<p>Tulajdonos \u00e9s t\u00e1rhelyszolg\u00e1ltat\u00f3<\/p>\n","protected":false},"author":1,"featured_media":0,"parent":0,"menu_order":0,"comment_status":"closed","ping_status":"closed","template":"","meta":{"footnotes":""},"class_list":["post-31","page","type-page","status-publish","hentry"],"_links":{"self":[{"href":"https:\/\/pixelliberty.hu\/index.php?rest_route=\/wp\/v2\/pages\/31","targetHints":{"allow":["GET"]}}],"collection":[{"href":"https:\/\/pixelliberty.hu\/index.php?rest_route=\/wp\/v2\/pages"}],"about":[{"href":"https:\/\/pixelliberty.hu\/index.php?rest_route=\/wp\/v2\/types\/page"}],"author":[{"embeddable":true,"href":"https:\/\/pixelliberty.hu\/index.php?rest_route=\/wp\/v2\/users\/1"}],"replies":[{"embeddable":true,"href":"https:\/\/pixelliberty.hu\/index.php?rest_route=%2Fwp%2Fv2%2Fcomments&post=31"}],"version-history":[{"count":12,"href":"https:\/\/pixelliberty.hu\/index.php?rest_route=\/wp\/v2\/pages\/31\/revisions"}],"predecessor-version":[{"id":325,"href":"https:\/\/pixelliberty.hu\/index.php?rest_route=\/wp\/v2\/pages\/31\/revisions\/325"}],"wp:attachment":[{"href":"https:\/\/pixelliberty.hu\/index.php?rest_route=%2Fwp%2Fv2%2Fmedia&parent=31"}],"curies":[{"name":"wp","href":"https:\/\/api.w.org\/{rel}","templated":true}]}}