{"id":185,"date":"2025-12-15T11:48:49","date_gmt":"2025-12-15T10:48:49","guid":{"rendered":"https:\/\/pixelliberty.hu\/?page_id=185"},"modified":"2025-12-15T11:50:01","modified_gmt":"2025-12-15T10:50:01","slug":"egyedi-weboldalak-keszitese","status":"publish","type":"page","link":"https:\/\/pixelliberty.hu\/?page_id=185","title":{"rendered":"Webdesign, arculat kialak\u00edt\u00e1s"},"content":{"rendered":"\n<h1 class=\"wp-block-heading\">Webdesign, arculat kialak\u00edt\u00e1s<\/h1>\n\n\n\n<p>Egy vagy t\u00f6bb oldalas design k\u00e9sz\u00edt\u00e9s kis- \u00e9s nagy csomagok. Egyedi UI\/UX design, wireframe, sz\u00ednpaletta, bet\u0171t\u00edpusok integr\u00e1l\u00e1sa, reszponz\u00edv n\u00e9zetek, \u00e1tgondolt layout rendszerek.<\/p>\n\n\n\n<div class=\"wp-block-columns is-layout-flex wp-container-core-columns-is-layout-9d6595d7 wp-block-columns-is-layout-flex\">\n<div class=\"wp-block-column card is-layout-flow wp-block-column-is-layout-flow\">\n<p>Kis webdesign csomag (One page, landing page,\u00e1ttekint\u0151 design)<\/p>\n\n\n\n<ul class=\"wp-block-list\">\n<li>Wireframe (dr\u00f3tv\u00e1z) k\u00e9sz\u00edt\u00e9se<\/li>\n\n\n\n<li>F\u0151oldal egyedi UI design (pl. Figma, Adobe XD)<\/li>\n\n\n\n<li>Sz\u00ednpaletta, bet\u0171t\u00edpusok integr\u00e1l\u00e1sa az arculat alapj\u00e1n<\/li>\n\n\n\n<li>Reszponz\u00edv n\u00e9zetek tervez\u00e9se: desktop + mobil<\/li>\n\n\n\n<li>Export\u00e1lhat\u00f3 k\u00e9pek, ikonok, grafikai elemek<\/li>\n<\/ul>\n\n\n\n<p><strong>\u00c1r:<\/strong>&nbsp;60.000 (+\u00c1fa) Ft-t\u00f3l<\/p>\n\n\n\n<div style=\"height:50px\" aria-hidden=\"true\" class=\"wp-block-spacer\"><\/div>\n\n\n\n<div class=\"wp-block-buttons is-layout-flex wp-block-buttons-is-layout-flex\">\n<div class=\"wp-block-button\"><a class=\"wp-block-button__link wp-element-button\" href=\"https:\/\/pixelliberty.hu\/?page_id=53\">ez kell nekem<\/a><\/div>\n<\/div>\n<\/div>\n\n\n\n<div class=\"wp-block-column card is-layout-flow wp-block-column-is-layout-flow\">\n<p>Nagy webdesign csomag (T\u00f6bb oldalas site tervez\u00e9s, pl: szolg\u00e1lat\u00e1s+kapcsolat+blog)<\/p>\n\n\n\n<ul class=\"wp-block-list\">\n<li>Oldalt\u00e9rk\u00e9p \u00e9s UX koncepci\u00f3<\/li>\n\n\n\n<li>T\u00f6bb aloldal (3-6 oldal) reszponz\u00edv UI tervez\u00e9se<\/li>\n\n\n\n<li>Egyedi grafikai elemek (ikoncsal\u00e1d, illusztr\u00e1ci\u00f3k, CTA blokkok)<\/li>\n\n\n\n<li>Design system \/ UI kit export\u00e1lva fejleszt\u0151knek<\/li>\n\n\n\n<li>Webre optimaliz\u00e1lt k\u00e9pek, f\u00e1jlok (SVG, PNG, Webp stb.)<\/li>\n<\/ul>\n\n\n\n<p><strong>\u00c1r:<\/strong>&nbsp;149.000 (+\u00c1fa) Ft-t\u00f3l<\/p>\n\n\n\n<div style=\"height:50px\" aria-hidden=\"true\" class=\"wp-block-spacer\"><\/div>\n\n\n\n<div class=\"wp-block-buttons is-layout-flex wp-block-buttons-is-layout-flex\">\n<div class=\"wp-block-button\"><a class=\"wp-block-button__link wp-element-button\" href=\"https:\/\/pixelliberty.hu\/?page_id=53\">ez kell nekem<\/a><\/div>\n<\/div>\n\n\n\n<div style=\"height:50px\" aria-hidden=\"true\" class=\"wp-block-spacer\"><\/div>\n<\/div>\n<\/div>\n\n\n\n<div style=\"height:50px\" aria-hidden=\"true\" class=\"wp-block-spacer\"><\/div>\n\n\n\n<div class=\"wp-block-buttons is-content-justification-center is-layout-flex wp-container-core-buttons-is-layout-16018d1d wp-block-buttons-is-layout-flex\">\n<div class=\"wp-block-button\"><a class=\"wp-block-button__link wp-element-button\" href=\"https:\/\/pixelliberty.hu\/\">vissza<\/a><\/div>\n<\/div>\n","protected":false},"excerpt":{"rendered":"<p>Webdesign, arculat kialak\u00edt\u00e1s Egy vagy t\u00f6bb oldalas design k\u00e9sz\u00edt\u00e9s kis- \u00e9s nagy csomagok. Egyedi UI\/UX design, wireframe, sz\u00ednpaletta, bet\u0171t\u00edpusok integr\u00e1l\u00e1sa, &#8230;<\/p>\n","protected":false},"author":1,"featured_media":0,"parent":0,"menu_order":0,"comment_status":"closed","ping_status":"closed","template":"","meta":{"footnotes":""},"class_list":["post-185","page","type-page","status-publish","hentry"],"_links":{"self":[{"href":"https:\/\/pixelliberty.hu\/index.php?rest_route=\/wp\/v2\/pages\/185","targetHints":{"allow":["GET"]}}],"collection":[{"href":"https:\/\/pixelliberty.hu\/index.php?rest_route=\/wp\/v2\/pages"}],"about":[{"href":"https:\/\/pixelliberty.hu\/index.php?rest_route=\/wp\/v2\/types\/page"}],"author":[{"embeddable":true,"href":"https:\/\/pixelliberty.hu\/index.php?rest_route=\/wp\/v2\/users\/1"}],"replies":[{"embeddable":true,"href":"https:\/\/pixelliberty.hu\/index.php?rest_route=%2Fwp%2Fv2%2Fcomments&post=185"}],"version-history":[{"count":7,"href":"https:\/\/pixelliberty.hu\/index.php?rest_route=\/wp\/v2\/pages\/185\/revisions"}],"predecessor-version":[{"id":288,"href":"https:\/\/pixelliberty.hu\/index.php?rest_route=\/wp\/v2\/pages\/185\/revisions\/288"}],"wp:attachment":[{"href":"https:\/\/pixelliberty.hu\/index.php?rest_route=%2Fwp%2Fv2%2Fmedia&parent=185"}],"curies":[{"name":"wp","href":"https:\/\/api.w.org\/{rel}","templated":true}]}}