{"id":163,"date":"2025-12-02T14:09:45","date_gmt":"2025-12-02T13:09:45","guid":{"rendered":"https:\/\/pixelliberty.hu\/?page_id=163"},"modified":"2025-12-15T11:43:45","modified_gmt":"2025-12-15T10:43:45","slug":"logo-es-arculatervezes","status":"publish","type":"page","link":"https:\/\/pixelliberty.hu\/?page_id=163","title":{"rendered":"Log\u00f3- \u00e9s arculattervez\u00e9s"},"content":{"rendered":"\n<h1 class=\"wp-block-heading\">Log\u00f3- \u00e9s arculattervez\u00e9s<\/h1>\n\n\n\n<p>Kis- \u00e9s nagyarculat tervez\u00e9s, az egyszer\u0171 log\u00f3t\u00f3l a professzion\u00e1lis brand\u00e9p\u00edt\u00e9sig. Log\u00f3, sz\u00ednpaletta, bet\u0171t\u00edpus aj\u00e1nl\u00e1s, alapvet\u0151 arculati szab\u00e1lyok, ikon csal\u00e1d, n\u00e9vjegyk\u00e1rtya, social media sablonok.<\/p>\n\n\n\n<div class=\"wp-block-columns is-layout-flex wp-container-core-columns-is-layout-9d6595d7 wp-block-columns-is-layout-flex\">\n<div class=\"wp-block-column card is-layout-flow wp-block-column-is-layout-flow\">\n<p>Kisarculat csomag<\/p>\n\n\n\n<ul class=\"wp-block-list\">\n<li>Log\u00f3 (f\u0151 + egyszer\u0171s\u00edtett v\u00e1ltozat)<\/li>\n\n\n\n<li>Sz\u00ednpaletta (f\u0151- \u00e9s kieg\u00e9sz\u00edt\u0151 sz\u00ednek)<\/li>\n\n\n\n<li>Bet\u0171t\u00edpus aj\u00e1nl\u00e1s (1-2 fontp\u00e1ros\u00edt\u00e1s)<\/li>\n\n\n\n<li>Mini arculati guideline (PDF)<\/li>\n\n\n\n<li>Alapvet\u0151 felhaszn\u00e1l\u00e1si mockupok (pl. n\u00e9vjegyk\u00e1rtya, profilk\u00e9p<\/li>\n<\/ul>\n\n\n\n<p>\u00c1r: 49.000 Ft-t\u00f3l (+\u00c1fa)<\/p>\n\n\n\n<div style=\"height:50px\" aria-hidden=\"true\" class=\"wp-block-spacer\"><\/div>\n\n\n\n<div class=\"wp-block-buttons is-layout-flex wp-block-buttons-is-layout-flex\">\n<div class=\"wp-block-button\"><a class=\"wp-block-button__link wp-element-button\" href=\"https:\/\/pixelliberty.hu\/?page_id=53\">ez kell nekem<\/a><\/div>\n<\/div>\n<\/div>\n\n\n\n<div class=\"wp-block-column card is-layout-flow wp-block-column-is-layout-flow\">\n<p>Nagyarculat \/ Branding csomag<\/p>\n\n\n\n<ul class=\"wp-block-list\">\n<li>Log\u00f3csal\u00e1d (main log\u00f3, monogram, fekete-feh\u00e9r, favicon stb.)<\/li>\n\n\n\n<li>Sz\u00ednpaletta r\u00e9szletesen (digit\u00e1lis + nyomdai k\u00f3dokkal)<\/li>\n\n\n\n<li>Bet\u0171t\u00edpus rendszer (c\u00edmsor, t\u00f6rzssz\u00f6veg, UI\/UX fontok)<\/li>\n\n\n\n<li>Kiterjesztett brand guideline \/ brandbook<\/li>\n\n\n\n<li>Arculati elemek: ikoncsal\u00e1d, mint\u00e1zatok, formavil\u00e1g<\/li>\n\n\n\n<li>Arculati alkalmaz\u00e1sok: n\u00e9vjegyk\u00e1rtya, lev\u00e9lpap\u00edr, social media sablonok, email al\u00e1\u00edr\u00e1s<\/li>\n\n\n\n<li>Webdesign ir\u00e1nyelvek (gombok, \u0171rlapok, grid stb.)<\/li>\n\n\n\n<li>Mockup prezent\u00e1ci\u00f3k, vizualiz\u00e1ci\u00f3k<\/li>\n<\/ul>\n\n\n\n<p>\u00c1r:&nbsp;149.000 Ft-t\u00f3l (+\u00c1fa)<\/p>\n\n\n\n<div style=\"height:50px\" aria-hidden=\"true\" class=\"wp-block-spacer\"><\/div>\n\n\n\n<div class=\"wp-block-buttons is-layout-flex wp-block-buttons-is-layout-flex\">\n<div class=\"wp-block-button\"><a class=\"wp-block-button__link wp-element-button\" href=\"https:\/\/pixelliberty.hu\/?page_id=53\">ez kell nekem<\/a><\/div>\n<\/div>\n\n\n\n<div style=\"height:50px\" aria-hidden=\"true\" class=\"wp-block-spacer\"><\/div>\n<\/div>\n<\/div>\n\n\n\n<div style=\"height:100px\" aria-hidden=\"true\" class=\"wp-block-spacer\"><\/div>\n\n\n\n<div class=\"wp-block-buttons is-content-justification-center is-layout-flex wp-container-core-buttons-is-layout-16018d1d wp-block-buttons-is-layout-flex\">\n<div class=\"wp-block-button\"><a class=\"wp-block-button__link wp-element-button\" href=\"https:\/\/pixelliberty.hu\/\">vissza<\/a><\/div>\n<\/div>\n\n\n\n<div style=\"height:100px\" aria-hidden=\"true\" class=\"wp-block-spacer\"><\/div>\n","protected":false},"excerpt":{"rendered":"<p>Log\u00f3- \u00e9s arculattervez\u00e9s Kis- \u00e9s nagyarculat tervez\u00e9s, az egyszer\u0171 log\u00f3t\u00f3l a professzion\u00e1lis brand\u00e9p\u00edt\u00e9sig. Log\u00f3, sz\u00ednpaletta, bet\u0171t\u00edpus aj\u00e1nl\u00e1s, alapvet\u0151 arculati szab\u00e1lyok, &#8230;<\/p>\n","protected":false},"author":1,"featured_media":0,"parent":0,"menu_order":0,"comment_status":"closed","ping_status":"closed","template":"","meta":{"footnotes":""},"class_list":["post-163","page","type-page","status-publish","hentry"],"_links":{"self":[{"href":"https:\/\/pixelliberty.hu\/index.php?rest_route=\/wp\/v2\/pages\/163","targetHints":{"allow":["GET"]}}],"collection":[{"href":"https:\/\/pixelliberty.hu\/index.php?rest_route=\/wp\/v2\/pages"}],"about":[{"href":"https:\/\/pixelliberty.hu\/index.php?rest_route=\/wp\/v2\/types\/page"}],"author":[{"embeddable":true,"href":"https:\/\/pixelliberty.hu\/index.php?rest_route=\/wp\/v2\/users\/1"}],"replies":[{"embeddable":true,"href":"https:\/\/pixelliberty.hu\/index.php?rest_route=%2Fwp%2Fv2%2Fcomments&post=163"}],"version-history":[{"count":21,"href":"https:\/\/pixelliberty.hu\/index.php?rest_route=\/wp\/v2\/pages\/163\/revisions"}],"predecessor-version":[{"id":279,"href":"https:\/\/pixelliberty.hu\/index.php?rest_route=\/wp\/v2\/pages\/163\/revisions\/279"}],"wp:attachment":[{"href":"https:\/\/pixelliberty.hu\/index.php?rest_route=%2Fwp%2Fv2%2Fmedia&parent=163"}],"curies":[{"name":"wp","href":"https:\/\/api.w.org\/{rel}","templated":true}]}}